{"id":97,"date":"2015-01-09T13:24:38","date_gmt":"2015-01-09T11:24:38","guid":{"rendered":"http:\/\/vs-diex.napetschnig.net\/?page_id=97"},"modified":"2025-11-30T10:08:53","modified_gmt":"2025-11-30T08:08:53","slug":"schulordnung","status":"publish","type":"page","link":"https:\/\/vs-diex.ksn.at\/?page_id=97","title":{"rendered":"HAUSORDNUNG \/ HI\u0160NI RED"},"content":{"rendered":"<h3 style=\"text-align: center;\"><span style=\"color: #ff0000;\">\u00a0<strong>HAUSORDNUNG \u2013 VS DIEX<\/strong><\/span><\/h3>\n<p style=\"text-align: center;\"><strong>(aktualisierte Fassung)<\/strong><\/p>\n<p style=\"font-weight: 400;\">\n<p style=\"text-align: left;\"><strong>1. Unterrichtsbeginn<\/strong><\/p>\n<p style=\"text-align: left; padding-left: 30px;\">Der Unterricht beginnt t\u00e4glich um <strong>8:00 Uhr<\/strong>.<br \/>\n<strong>Pausen<\/strong>: 9:40 &#8211; 9:55 Uhr und 11:35 &#8211; 11:45 Uhr<\/p>\n<p style=\"text-align: left;\"><strong>2. Einlass<\/strong> in das Schulgeb\u00e4ude ist um<strong> 07:00 Uhr<\/strong>.<\/p>\n<p style=\"text-align: left;\"><strong>3.<\/strong> Ab diesem Zeitpunkt bis <strong>7:45<\/strong> <strong>Uhr<\/strong> besteht f\u00fcr die Sch\u00fcler*innen im Auftrag des\u00a0Schulerhalters Aufsicht \u00a0(<strong>Frau Katharina Bla\u00dfnegger, Vertretung: Frau Monika Lessiak<\/strong>). Wie jeder Lehrerin und jedem Lehrer gegen\u00fcber, haben die Sch\u00fcler*innen auch den Anweisungen der Aufsichtsperson Folge zu leisten.<\/p>\n<p><strong>4. Die Aufsichtspflicht <\/strong><\/p>\n<p style=\"padding-left: 30px;\">Die Aufsichtspflicht der Lehrer*innen beginnt um <strong>7:45 Uhr<\/strong> und endet mit dem Entlassen der\u00a0Sch\u00fcler*innen im Anschluss an den Unterricht.<\/p>\n<p><strong>5. Hausschuhe<\/strong><\/p>\n<p style=\"padding-left: 30px;\">W\u00e4hrend des Aufenthaltes im Schulgeb\u00e4ude tragen die Sch\u00fcler*innen Hausschuhe.<\/p>\n<p><strong>6. <\/strong>Die Sch\u00fcler*innen d\u00fcrfen das <strong>Schulgeb\u00e4ude<\/strong> w\u00e4hrend des Unterrichts <strong>nicht verlassen<\/strong>.<\/p>\n<p><strong>7.<\/strong>\u00a0<b><strong>Wartezeit nach dem Unterricht<\/strong><\/b><\/p>\n<p style=\"padding-left: 30px;\"><u>Neue Regelung durch den Schulerhalter:<\/u> Die Kinder werden je nach Bedarf ab 11:40 in der GTS durch die GTS-Betreuerinnen bis zur Abholung durch den Schulbus mitbeaufsichtigt. Sie k\u00f6nnen in dieser Zeit z.B. Haus\u00fcbungen machen. Sobald der Busunternehmer kommt, werden die Kinder vor die Haust\u00fcre zum Bus begleitet und fahren dann nach Hause. Daher ersuchen wir, die Kinder bei Bedarf anzumelden. Erfolgt <strong>keine Anmeldung<\/strong> zur Buskinder-Aufsicht, m\u00fcssen die Kinder nach Unterrichtsende aufgrund der Haftung des Schulerhalters das <strong>Schulgeb\u00e4ude verlassen.<\/strong> <u>Sobald das Schulkind das Geb\u00e4ude verl\u00e4sst, beginnt die Aufsichtspflicht der Eltern.<\/u><\/p>\n<p style=\"padding-left: 30px;\">\u00a0F\u00fcr die Sch\u00fcler*innen gibt es auf dem Weg zur Schule, w\u00e4hrend der gesamten Unterrichtszeit und Wartezeit auf den Bus, sowie auf dem Nachhauseweg eine Sch\u00fclerunfallversicherung (AUVA).<\/p>\n<p><strong>8. Anrufe<\/strong><\/p>\n<p style=\"padding-left: 30px;\">Erforderliche <strong>Anrufe<\/strong> sollen nach M\u00f6glichkeit nur vor Unterrichtsbeginn und w\u00e4hrend der Pausen erfolgen (07:45 bis kurz vor 08:00 Uhr und in den Pausen &#8211; siehe Punkt 1).<\/p>\n<p><strong>9. <\/strong>Das Mitnehmen von<strong> Handys und elektronischen Armbanduhren<\/strong> (Smart Watch u\u00e4.) in den Unterricht ist nicht erlaubt.<\/p>\n<p><b><strong>10. Rauchverbot<\/strong><\/b><\/p>\n<p style=\"padding-left: 30px;\">Im gesamten Schulgeb\u00e4ude besteht laut Rundschreiben Nr. 3\/2006 des bm:bwk <strong>Rauchverbot<\/strong>.<\/p>\n<p>&nbsp;<\/p>\n<p style=\"font-weight: 400;\">\n","protected":false},"excerpt":{"rendered":"<p>\u00a0HAUSORDNUNG \u2013 VS DIEX (aktualisierte Fassung) 1. Unterrichtsbeginn Der Unterricht beginnt t\u00e4glich um 8:00 Uhr. Pausen: 9:40 &#8211; 9:55 Uhr und 11:35 &#8211; 11:45 Uhr 2. Einlass in das Schulgeb\u00e4ude ist um 07:00 Uhr. 3. Ab diesem Zeitpunkt bis 7:45 Uhr besteht f\u00fcr die Sch\u00fcler*innen im Auftrag des\u00a0Schulerhalters Aufsicht \u00a0(Frau Katharina Bla\u00dfnegger, Vertretung: Frau Monika [&hellip;]<\/p>\n","protected":false},"author":1,"featured_media":0,"parent":0,"menu_order":2,"comment_status":"closed","ping_status":"closed","template":"","meta":{"footnotes":""},"class_list":["post-97","page","type-page","status-publish","hentry"],"_links":{"self":[{"href":"https:\/\/vs-diex.ksn.at\/index.php?rest_route=\/wp\/v2\/pages\/97","targetHints":{"allow":["GET"]}}],"collection":[{"href":"https:\/\/vs-diex.ksn.at\/index.php?rest_route=\/wp\/v2\/pages"}],"about":[{"href":"https:\/\/vs-diex.ksn.at\/index.php?rest_route=\/wp\/v2\/types\/page"}],"author":[{"embeddable":true,"href":"https:\/\/vs-diex.ksn.at\/index.php?rest_route=\/wp\/v2\/users\/1"}],"replies":[{"embeddable":true,"href":"https:\/\/vs-diex.ksn.at\/index.php?rest_route=%2Fwp%2Fv2%2Fcomments&post=97"}],"version-history":[{"count":36,"href":"https:\/\/vs-diex.ksn.at\/index.php?rest_route=\/wp\/v2\/pages\/97\/revisions"}],"predecessor-version":[{"id":2574,"href":"https:\/\/vs-diex.ksn.at\/index.php?rest_route=\/wp\/v2\/pages\/97\/revisions\/2574"}],"wp:attachment":[{"href":"https:\/\/vs-diex.ksn.at\/index.php?rest_route=%2Fwp%2Fv2%2Fmedia&parent=97"}],"curies":[{"name":"wp","href":"https:\/\/api.w.org\/{rel}","templated":true}]}}