{"id":68,"date":"2014-09-23T12:06:57","date_gmt":"2014-09-23T10:06:57","guid":{"rendered":"http:\/\/vs-diex.napetschnig.net\/?page_id=68"},"modified":"2023-03-28T11:26:08","modified_gmt":"2023-03-28T09:26:08","slug":"impressum","status":"publish","type":"page","link":"https:\/\/vs-diex.ksn.at\/?page_id=68","title":{"rendered":"Impressum \/ Datenschutz"},"content":{"rendered":"<p><strong>Volksschule Diex<\/strong><br \/>\n<strong> Diex 167<\/strong><br \/>\n<strong>9103 Diex<\/strong><\/p>\n<p><strong>Tel.: +43 \u00a0(0)4231\/ \u00a08119 oder 0664 78171298<\/strong><\/p>\n<p>E-Mail: <a href=\"mailto:direktion@vs-diex.ksn.at\">direktion@vs-diex.ksn.at<\/a><\/p>\n<p><strong><strong>F\u00fcr den Inhalt verantwortlich:\u00a0<\/strong><br \/>\n<\/strong>Direktion der Volksschule Diex<\/p>\n<p><strong>Haftungsausschluss<br \/>\n<\/strong>Trotz sorgf\u00e4ltiger inhaltlicher Kontrolle k\u00f6nnen wir keinerlei Haftung f\u00fcr Inhalte externer Links \u00fcbernehmen. F\u00fcr den Inhalt der verlinkten externen Seiten sind ausschlie\u00dflich die Betreiber der jeweiligen Seiten verantwortlich. Die Inhalte und Seiten der www.vs-diex.ksn.at wurden sorgf\u00e4ltig gepr\u00fcft und nach bestem Wissen erstellt. F\u00fcr die angebotenen Informationen wird kein Anspruch auf Vollst\u00e4ndigkeit, Aktualit\u00e4t, Qualit\u00e4t und Richtigkeit erhoben. Weiters wird keine Verantwortung f\u00fcr Sch\u00e4den \u00fcbernommen, die durch das Vertrauen auf Inhalte dieser Webseite oder deren Gebrauch entstehen. \u00c4nderungen, Druck- und Satzfehler vorbehalten.<\/p>\n<p><strong><u>Datenschutzerkl\u00e4rung<\/u><\/strong><\/p>\n<p><strong>Erkl\u00e4rung zur Informationspflicht<\/strong><\/p>\n<p>Der Schutz Ihrer pers\u00f6nlichen Daten ist uns ein besonderes Anliegen. Wir verarbeiten Ihre Daten daher ausschlie\u00dflich auf Grundlage der gesetzlichen Bestimmungen (DSGVO, TKG 2003). In diesen Datenschutzinformationen informieren wir Sie \u00fcber die wichtigsten Aspekte der Datenverarbeitung im Rahmen unserer Website.<\/p>\n<p><strong>Kontakt mit uns<\/strong><\/p>\n<p>Wenn Sie per Formular auf der Website oder per E-Mail Kontakt mit uns aufnehmen, werden Ihre angegebenen Daten zwecks Bearbeitung der Anfrage und f\u00fcr den Fall von Anschlussfragen bei uns gespeichert. Diese Daten geben wir nicht ohne Ihre Einwilligung weiter.<\/p>\n<p>Falls Sie unser Kontaktformular nutzen, werden folgende personenbezogene Daten gespeichert:<\/p>\n<ul>\n<li>Name<\/li>\n<li>E-Mail Adresse<\/li>\n<li>Ihre Nachricht<\/li>\n<\/ul>\n<p><strong>Cookies<\/strong><\/p>\n<p>Unsere Website verwendet so genannte Cookies. Dabei handelt es sich um kleine Textdateien, die mit Hilfe des Browsers auf Ihrem Endger\u00e4t abgelegt werden. Sie richten keinen Schaden an.<\/p>\n<p>Wir nutzen Cookies dazu, unser Angebot nutzerfreundlich zu gestalten. Einige Cookies bleiben auf Ihrem Endger\u00e4t gespeichert, bis Sie diese l\u00f6schen. Sie erm\u00f6glichen es uns, Ihren Browser beim n\u00e4chsten Besuch wiederzuerkennen.<\/p>\n<p>Wenn Sie dies nicht w\u00fcnschen, so k\u00f6nnen Sie Ihren Browser so einrichten, dass er Sie \u00fcber das Setzen von Cookies informiert und Sie dies nur im Einzelfall erlauben.<\/p>\n<p>Bei der Deaktivierung von Cookies kann die Funktionalit\u00e4t unserer Website eingeschr\u00e4nkt sein.<\/p>\n<p><strong>Web-Analyse<\/strong><\/p>\n<p>Unsere Website verwendet keine Webanalyse-Tools.<\/p>\n<p><strong>Ihre Rechte<\/strong><\/p>\n<p>Ihnen stehen grunds\u00e4tzlich die Rechte auf Auskunft, Berichtigung, L\u00f6schung, Einschr\u00e4nkung, Daten\u00fcbertragbarkeit, Widerruf und Widerspruch zu. Wenn Sie glauben, dass die Verarbeitung Ihrer Daten gegen das Datenschutzrecht verst\u00f6\u00dft oder Ihre datenschutzrechtlichen Anspr\u00fcche sonst in einer Weise verletzt worden sind, k\u00f6nnen Sie sich bei der Aufsichtsbeh\u00f6rde beschweren. In \u00d6sterreich ist dies die Datenschutzbeh\u00f6rde.<\/p>\n<p>&nbsp;<\/p>\n","protected":false},"excerpt":{"rendered":"<p>Volksschule Diex Diex 167 9103 Diex Tel.: +43 \u00a0(0)4231\/ \u00a08119 oder 0664 78171298 E-Mail: direktion@vs-diex.ksn.at F\u00fcr den Inhalt verantwortlich:\u00a0 Direktion der Volksschule Diex Haftungsausschluss Trotz sorgf\u00e4ltiger inhaltlicher Kontrolle k\u00f6nnen wir keinerlei Haftung f\u00fcr Inhalte externer Links \u00fcbernehmen. F\u00fcr den Inhalt der verlinkten externen Seiten sind ausschlie\u00dflich die Betreiber der jeweiligen Seiten verantwortlich. Die Inhalte und [&hellip;]<\/p>\n","protected":false},"author":1,"featured_media":0,"parent":0,"menu_order":0,"comment_status":"closed","ping_status":"closed","template":"","meta":{"footnotes":""},"class_list":["post-68","page","type-page","status-publish","hentry"],"_links":{"self":[{"href":"https:\/\/vs-diex.ksn.at\/index.php?rest_route=\/wp\/v2\/pages\/68","targetHints":{"allow":["GET"]}}],"collection":[{"href":"https:\/\/vs-diex.ksn.at\/index.php?rest_route=\/wp\/v2\/pages"}],"about":[{"href":"https:\/\/vs-diex.ksn.at\/index.php?rest_route=\/wp\/v2\/types\/page"}],"author":[{"embeddable":true,"href":"https:\/\/vs-diex.ksn.at\/index.php?rest_route=\/wp\/v2\/users\/1"}],"replies":[{"embeddable":true,"href":"https:\/\/vs-diex.ksn.at\/index.php?rest_route=%2Fwp%2Fv2%2Fcomments&post=68"}],"version-history":[{"count":12,"href":"https:\/\/vs-diex.ksn.at\/index.php?rest_route=\/wp\/v2\/pages\/68\/revisions"}],"predecessor-version":[{"id":2144,"href":"https:\/\/vs-diex.ksn.at\/index.php?rest_route=\/wp\/v2\/pages\/68\/revisions\/2144"}],"wp:attachment":[{"href":"https:\/\/vs-diex.ksn.at\/index.php?rest_route=%2Fwp%2Fv2%2Fmedia&parent=68"}],"curies":[{"name":"wp","href":"https:\/\/api.w.org\/{rel}","templated":true}]}}