{"id":4,"date":"2014-09-10T16:35:30","date_gmt":"2014-09-10T14:35:30","guid":{"rendered":"http:\/\/vs-diex.napetschnig.net\/?page_id=4"},"modified":"2015-10-05T11:36:23","modified_gmt":"2015-10-05T09:36:23","slug":"home","status":"publish","type":"page","link":"https:\/\/vs-diex.ksn.at\/","title":{"rendered":"WILLKOMMEN \/ DOBRODO\u0160LI"},"content":{"rendered":"<h3><span style=\"color: #ff0000;\"><strong>Unsere Leitgedanken<\/strong><\/span><\/h3>\n<p style=\"text-align: center;\"><strong>\u00a0\u00a0\u00a0\u00a0\u00a0\u00a0\u00a0\u00a0\u201eIn jedem Menschen ist etwas Kostbares, das in keinem anderen ist.\u201d\u00a0\u00a0\u00a0\u00a0\u00a0\u00a0\u00a0\u00a0\u00a0\u00a0\u00a0\u00a0\u00a0\u00a0\u00a0\u00a0\u00a0\u00a0\u00a0\u00a0\u00a0\u00a0\u00a0\u00a0 <\/strong>(zit. Martin Buber)<\/p>\n<p style=\"text-align: center;\"><strong>&#8222;Pr\u00fcfe das Neue und das Alte, das Beste behalte.&#8220;<\/strong><\/p>\n<ul>\n<li>Wir hei\u00dfen Vielfalt willkommen, nehmen sie als wichtige Ressource im t\u00e4glichen<br \/>\nMiteinander wahr, wollen diese bewahren, f\u00f6rdern und uns an ihr st\u00e4rken!<\/li>\n<\/ul>\n<h3 style=\"text-align: center;\">\u00a0Danach richtet sich unser weiteres t\u00e4gliches Handeln:<\/h3>\n<ul>\n<li style=\"text-align: left;\">Wir leben Respekt und Wertsch\u00e4tzung!<\/li>\n<li style=\"text-align: left;\">Wir schaffen Qualit\u00e4t an Geborgenheit und Identit\u00e4t! Hinschauen, nicht wegschauen ist unsere Devise, denn wo Gleichg\u00fcltigkeit zur Gewohnheit wird, stirbt die Beziehung.<\/li>\n<li style=\"text-align: left;\">Wir f\u00f6rdern individuelle Begabungen und\u00a0\u00a0Interessen. Unser Motto: St\u00e4rken st\u00e4rken!<\/li>\n<li>Bew\u00e4hrtes wollen wir bewahren, gleichzeitig aufgeschlossen f\u00fcr Neues sein. Daher ist Fortbildung ein wichtiger Bestandteil unserer p\u00e4dagogischen T\u00e4tigkeit.<\/li>\n<li>Wir schaffen eine neue Lernkultur und nehmen Abschied vom &#8222;Richtig-Falsch-Denken&#8220;<\/li>\n<\/ul>\n","protected":false},"excerpt":{"rendered":"<p>Unsere Leitgedanken \u00a0\u00a0\u00a0\u00a0\u00a0\u00a0\u00a0\u00a0\u201eIn jedem Menschen ist etwas Kostbares, das in keinem anderen ist.\u201d\u00a0\u00a0\u00a0\u00a0\u00a0\u00a0\u00a0\u00a0\u00a0\u00a0\u00a0\u00a0\u00a0\u00a0\u00a0\u00a0\u00a0\u00a0\u00a0\u00a0\u00a0\u00a0\u00a0\u00a0 (zit. Martin Buber) &#8222;Pr\u00fcfe das Neue und das Alte, das Beste behalte.&#8220; Wir hei\u00dfen Vielfalt willkommen, nehmen sie als wichtige Ressource im t\u00e4glichen Miteinander wahr, wollen diese bewahren, f\u00f6rdern und uns an ihr st\u00e4rken! \u00a0Danach richtet sich unser weiteres t\u00e4gliches Handeln: Wir [&hellip;]<\/p>\n","protected":false},"author":1,"featured_media":0,"parent":0,"menu_order":0,"comment_status":"closed","ping_status":"closed","template":"","meta":{"footnotes":""},"class_list":["post-4","page","type-page","status-publish","hentry"],"_links":{"self":[{"href":"https:\/\/vs-diex.ksn.at\/index.php?rest_route=\/wp\/v2\/pages\/4","targetHints":{"allow":["GET"]}}],"collection":[{"href":"https:\/\/vs-diex.ksn.at\/index.php?rest_route=\/wp\/v2\/pages"}],"about":[{"href":"https:\/\/vs-diex.ksn.at\/index.php?rest_route=\/wp\/v2\/types\/page"}],"author":[{"embeddable":true,"href":"https:\/\/vs-diex.ksn.at\/index.php?rest_route=\/wp\/v2\/users\/1"}],"replies":[{"embeddable":true,"href":"https:\/\/vs-diex.ksn.at\/index.php?rest_route=%2Fwp%2Fv2%2Fcomments&post=4"}],"version-history":[{"count":28,"href":"https:\/\/vs-diex.ksn.at\/index.php?rest_route=\/wp\/v2\/pages\/4\/revisions"}],"predecessor-version":[{"id":374,"href":"https:\/\/vs-diex.ksn.at\/index.php?rest_route=\/wp\/v2\/pages\/4\/revisions\/374"}],"wp:attachment":[{"href":"https:\/\/vs-diex.ksn.at\/index.php?rest_route=%2Fwp%2Fv2%2Fmedia&parent=4"}],"curies":[{"name":"wp","href":"https:\/\/api.w.org\/{rel}","templated":true}]}}